{"id":1969,"date":"2022-12-17T16:16:40","date_gmt":"2022-12-17T16:16:40","guid":{"rendered":"http:\/\/eric.smartsolutioncorp.com\/?page_id=1969"},"modified":"2023-01-28T15:37:35","modified_gmt":"2023-01-28T15:37:35","slug":"boutique","status":"publish","type":"page","link":"https:\/\/eric.smartsolutioncorp.com\/index.php\/boutique\/","title":{"rendered":"Boutique"},"content":{"rendered":"\t\t<div data-elementor-type=\"wp-page\" data-elementor-id=\"1969\" class=\"elementor elementor-1969\">\n\t\t\t\t\t\t\t\t\t<section class=\"elementor-section elementor-top-section elementor-element elementor-element-49dbcb6 elementor-hidden-desktop elementor-hidden-tablet elementor-hidden-mobile elementor-section-boxed elementor-section-height-default elementor-section-height-default\" data-id=\"49dbcb6\" data-element_type=\"section\">\n\t\t\t\t\t\t<div class=\"elementor-container elementor-column-gap-default\">\n\t\t\t\t\t<div class=\"elementor-column elementor-col-100 elementor-top-column elementor-element elementor-element-557d756\" data-id=\"557d756\" data-element_type=\"column\">\n\t\t\t<div class=\"elementor-widget-wrap elementor-element-populated\">\n\t\t\t\t\t\t\t\t<div class=\"elementor-element elementor-element-b27bbd9 elementor-widget elementor-widget-shortcode\" data-id=\"b27bbd9\" data-element_type=\"widget\" data-widget_type=\"shortcode.default\">\n\t\t\t\t<div class=\"elementor-widget-container\">\n\t\t\t\t\t<div class=\"elementor-shortcode\"><div class=\"woocommerce columns-4\"><ul class=\"products columns-4\">\n<li class=\"product-category product first\">\n\t<\/li>\n<li class=\"product-category product\">\n\t<\/li>\n<li class=\"product-category product\">\n\t<\/li>\n<li class=\"product-category product last\">\n\t<\/li>\n<li class=\"product-category product first\">\n\t<\/li>\n<li class=\"product-category product\">\n\t<\/li>\n<li class=\"product-category product\">\n\t<\/li>\n<li class=\"product-category product last\">\n\t<\/li>\n<\/ul>\n<\/div> <\/div>\n\t\t\t\t<\/div>\n\t\t\t\t<\/div>\n\t\t\t\t\t<\/div>\n\t\t<\/div>\n\t\t\t\t\t\t\t<\/div>\n\t\t<\/section>\n\t\t\t\t<section class=\"elementor-section elementor-top-section elementor-element elementor-element-17fd447 elementor-section-boxed elementor-section-height-default elementor-section-height-default\" data-id=\"17fd447\" data-element_type=\"section\">\n\t\t\t\t\t\t<div class=\"elementor-container elementor-column-gap-default\">\n\t\t\t\t\t<div class=\"elementor-column elementor-col-100 elementor-top-column elementor-element elementor-element-fd3d771\" data-id=\"fd3d771\" data-element_type=\"column\">\n\t\t\t<div class=\"elementor-widget-wrap elementor-element-populated\">\n\t\t\t\t\t\t\t\t<div class=\"elementor-element elementor-element-886a1a4 wl-columns-4 elementor-widget elementor-widget-wl-category-grid\" data-id=\"886a1a4\" data-element_type=\"widget\" data-widget_type=\"wl-category-grid.default\">\n\t\t\t\t<div class=\"elementor-widget-container\">\n\t\t\t<div class=\"wl-row   \" data-settings=\"\" >                <div class=\"wl-col-4\">\n\n                                            <div class=\"ht-category-wrap\">\n                                                        <div class=\"ht-category-image-3 ht-category-image-zoom\">\n                                <a href=\"https:\/\/eric.smartsolutioncorp.com\/index.php\/product-category\/equipements-materiels\/\">\n                                    <img width=\"150\" height=\"150\" src=\"https:\/\/eric.smartsolutioncorp.com\/wp-content\/uploads\/2022\/12\/EPI-150x150.jpg\" class=\"attachment-thumbnail size-thumbnail\" alt=\"\" decoding=\"async\" loading=\"lazy\" srcset=\"https:\/\/eric.smartsolutioncorp.com\/wp-content\/uploads\/2022\/12\/EPI-150x150.jpg 150w, https:\/\/eric.smartsolutioncorp.com\/wp-content\/uploads\/2022\/12\/EPI-300x300.jpg 300w, https:\/\/eric.smartsolutioncorp.com\/wp-content\/uploads\/2022\/12\/EPI-100x100.jpg 100w\" sizes=\"(max-width: 150px) 100vw, 150px\" \/>                                <\/a>\n                            <\/div>\n                                                        <div class=\"ht-category-content-5\">\n                                <h3><a href=\"https:\/\/eric.smartsolutioncorp.com\/index.php\/product-category\/equipements-materiels\/\">Equipements \/ mat\u00e9riels<\/a><\/h3>\n                            <\/div>\n                                                    <\/div>\n\n                    \n                <\/div>\n                                <div class=\"wl-col-4\">\n\n                                            <div class=\"ht-category-wrap\">\n                                                        <div class=\"ht-category-image-3 ht-category-image-zoom\">\n                                <a href=\"https:\/\/eric.smartsolutioncorp.com\/index.php\/product-category\/grillage-ecologique\/\">\n                                    <img width=\"150\" height=\"150\" src=\"https:\/\/eric.smartsolutioncorp.com\/wp-content\/uploads\/2022\/12\/51JjWwo0YBL._AC_-150x150.jpg\" class=\"attachment-thumbnail size-thumbnail\" alt=\"\" decoding=\"async\" loading=\"lazy\" srcset=\"https:\/\/eric.smartsolutioncorp.com\/wp-content\/uploads\/2022\/12\/51JjWwo0YBL._AC_-150x150.jpg 150w, https:\/\/eric.smartsolutioncorp.com\/wp-content\/uploads\/2022\/12\/51JjWwo0YBL._AC_-300x300.jpg 300w, https:\/\/eric.smartsolutioncorp.com\/wp-content\/uploads\/2022\/12\/51JjWwo0YBL._AC_-100x100.jpg 100w\" sizes=\"(max-width: 150px) 100vw, 150px\" \/>                                <\/a>\n                            <\/div>\n                                                        <div class=\"ht-category-content-5\">\n                                <h3><a href=\"https:\/\/eric.smartsolutioncorp.com\/index.php\/product-category\/grillage-ecologique\/\">Grillage \u00e9cologique<\/a><\/h3>\n                            <\/div>\n                                                    <\/div>\n\n                    \n                <\/div>\n                                <div class=\"wl-col-4\">\n\n                                            <div class=\"ht-category-wrap\">\n                                                        <div class=\"ht-category-image-3 ht-category-image-zoom\">\n                                <a href=\"https:\/\/eric.smartsolutioncorp.com\/index.php\/product-category\/intrant-semence-pesticides\/\">\n                                    <img width=\"150\" height=\"150\" src=\"https:\/\/eric.smartsolutioncorp.com\/wp-content\/uploads\/2022\/12\/mos-insecticide-1-150x150.jpg\" class=\"attachment-thumbnail size-thumbnail\" alt=\"\" decoding=\"async\" loading=\"lazy\" srcset=\"https:\/\/eric.smartsolutioncorp.com\/wp-content\/uploads\/2022\/12\/mos-insecticide-1-150x150.jpg 150w, https:\/\/eric.smartsolutioncorp.com\/wp-content\/uploads\/2022\/12\/mos-insecticide-1-300x300.jpg 300w, https:\/\/eric.smartsolutioncorp.com\/wp-content\/uploads\/2022\/12\/mos-insecticide-1-100x100.jpg 100w\" sizes=\"(max-width: 150px) 100vw, 150px\" \/>                                <\/a>\n                            <\/div>\n                                                        <div class=\"ht-category-content-5\">\n                                <h3><a href=\"https:\/\/eric.smartsolutioncorp.com\/index.php\/product-category\/intrant-semence-pesticides\/\">Intrant, semence, pesticides<\/a><\/h3>\n                            <\/div>\n                                                    <\/div>\n\n                    \n                <\/div>\n                                <div class=\"wl-col-4\">\n\n                                            <div class=\"ht-category-wrap\">\n                                                        <div class=\"ht-category-image-3 ht-category-image-zoom\">\n                                <a href=\"https:\/\/eric.smartsolutioncorp.com\/index.php\/product-category\/oleagineux-fruits-et-legumes\/\">\n                                    <img width=\"150\" height=\"150\" src=\"https:\/\/eric.smartsolutioncorp.com\/wp-content\/uploads\/2022\/12\/oleagineux-1-150x150.jpg\" class=\"attachment-thumbnail size-thumbnail\" alt=\"\" decoding=\"async\" loading=\"lazy\" srcset=\"https:\/\/eric.smartsolutioncorp.com\/wp-content\/uploads\/2022\/12\/oleagineux-1-150x150.jpg 150w, https:\/\/eric.smartsolutioncorp.com\/wp-content\/uploads\/2022\/12\/oleagineux-1-300x300.jpg 300w, https:\/\/eric.smartsolutioncorp.com\/wp-content\/uploads\/2022\/12\/oleagineux-1-100x100.jpg 100w\" sizes=\"(max-width: 150px) 100vw, 150px\" \/>                                <\/a>\n                            <\/div>\n                                                        <div class=\"ht-category-content-5\">\n                                <h3><a href=\"https:\/\/eric.smartsolutioncorp.com\/index.php\/product-category\/oleagineux-fruits-et-legumes\/\">Ol\u00e9agineux, fruits et l\u00e9gumes<\/a><\/h3>\n                            <\/div>\n                                                    <\/div>\n\n                    \n                <\/div>\n                                <div class=\"wl-col-4\">\n\n                                            <div class=\"ht-category-wrap\">\n                                                        <div class=\"ht-category-image-3 ht-category-image-zoom\">\n                                <a href=\"https:\/\/eric.smartsolutioncorp.com\/index.php\/product-category\/produits-agricoles\/\">\n                                    <img width=\"150\" height=\"150\" src=\"https:\/\/eric.smartsolutioncorp.com\/wp-content\/uploads\/2022\/12\/produits-q9msnj-150x150.jpg\" class=\"attachment-thumbnail size-thumbnail\" alt=\"\" decoding=\"async\" loading=\"lazy\" srcset=\"https:\/\/eric.smartsolutioncorp.com\/wp-content\/uploads\/2022\/12\/produits-q9msnj-150x150.jpg 150w, https:\/\/eric.smartsolutioncorp.com\/wp-content\/uploads\/2022\/12\/produits-q9msnj-300x300.jpg 300w, https:\/\/eric.smartsolutioncorp.com\/wp-content\/uploads\/2022\/12\/produits-q9msnj-100x100.jpg 100w\" sizes=\"(max-width: 150px) 100vw, 150px\" \/>                                <\/a>\n                            <\/div>\n                                                        <div class=\"ht-category-content-5\">\n                                <h3><a href=\"https:\/\/eric.smartsolutioncorp.com\/index.php\/product-category\/produits-agricoles\/\">Produits agricoles<\/a><\/h3>\n                            <\/div>\n                                                    <\/div>\n\n                    \n                <\/div>\n                                <div class=\"wl-col-4\">\n\n                                            <div class=\"ht-category-wrap\">\n                                                        <div class=\"ht-category-image-3 ht-category-image-zoom\">\n                                <a href=\"https:\/\/eric.smartsolutioncorp.com\/index.php\/product-category\/produits-delevages\/\">\n                                    <img width=\"150\" height=\"150\" src=\"https:\/\/eric.smartsolutioncorp.com\/wp-content\/uploads\/2022\/12\/bjfrbio64mrafribaba-150x150.jpg\" class=\"attachment-thumbnail size-thumbnail\" alt=\"\" decoding=\"async\" loading=\"lazy\" srcset=\"https:\/\/eric.smartsolutioncorp.com\/wp-content\/uploads\/2022\/12\/bjfrbio64mrafribaba-150x150.jpg 150w, https:\/\/eric.smartsolutioncorp.com\/wp-content\/uploads\/2022\/12\/bjfrbio64mrafribaba-300x300.jpg 300w, https:\/\/eric.smartsolutioncorp.com\/wp-content\/uploads\/2022\/12\/bjfrbio64mrafribaba-100x100.jpg 100w\" sizes=\"(max-width: 150px) 100vw, 150px\" \/>                                <\/a>\n                            <\/div>\n                                                        <div class=\"ht-category-content-5\">\n                                <h3><a href=\"https:\/\/eric.smartsolutioncorp.com\/index.php\/product-category\/produits-delevages\/\">Produits d&#039;\u00e9levages<\/a><\/h3>\n                            <\/div>\n                                                    <\/div>\n\n                    \n                <\/div>\n                                <div class=\"wl-col-4\">\n\n                                            <div class=\"ht-category-wrap\">\n                                                        <div class=\"ht-category-image-3 ht-category-image-zoom\">\n                                <a href=\"https:\/\/eric.smartsolutioncorp.com\/index.php\/product-category\/produits-maraichers\/\">\n                                    <img width=\"150\" height=\"150\" src=\"https:\/\/eric.smartsolutioncorp.com\/wp-content\/uploads\/2022\/12\/d113ffdae2a152ffd4c04fe33b2d22b6_XL-150x150.jpg\" class=\"attachment-thumbnail size-thumbnail\" alt=\"\" decoding=\"async\" loading=\"lazy\" srcset=\"https:\/\/eric.smartsolutioncorp.com\/wp-content\/uploads\/2022\/12\/d113ffdae2a152ffd4c04fe33b2d22b6_XL-150x150.jpg 150w, https:\/\/eric.smartsolutioncorp.com\/wp-content\/uploads\/2022\/12\/d113ffdae2a152ffd4c04fe33b2d22b6_XL-300x300.jpg 300w, https:\/\/eric.smartsolutioncorp.com\/wp-content\/uploads\/2022\/12\/d113ffdae2a152ffd4c04fe33b2d22b6_XL-100x100.jpg 100w\" sizes=\"(max-width: 150px) 100vw, 150px\" \/>                                <\/a>\n                            <\/div>\n                                                        <div class=\"ht-category-content-5\">\n                                <h3><a href=\"https:\/\/eric.smartsolutioncorp.com\/index.php\/product-category\/produits-maraichers\/\">Produits maraichers<\/a><\/h3>\n                            <\/div>\n                                                    <\/div>\n\n                    \n                <\/div>\n                                <div class=\"wl-col-4\">\n\n                                            <div class=\"ht-category-wrap\">\n                                                        <div class=\"ht-category-image-3 ht-category-image-zoom\">\n                                <a href=\"https:\/\/eric.smartsolutioncorp.com\/index.php\/product-category\/produits-vegetaux\/\">\n                                    <img width=\"150\" height=\"150\" src=\"https:\/\/eric.smartsolutioncorp.com\/wp-content\/uploads\/2022\/12\/pesticide_spraying_fao_-150x150.jpg\" class=\"attachment-thumbnail size-thumbnail\" alt=\"\" decoding=\"async\" loading=\"lazy\" srcset=\"https:\/\/eric.smartsolutioncorp.com\/wp-content\/uploads\/2022\/12\/pesticide_spraying_fao_-150x150.jpg 150w, https:\/\/eric.smartsolutioncorp.com\/wp-content\/uploads\/2022\/12\/pesticide_spraying_fao_-300x300.jpg 300w, https:\/\/eric.smartsolutioncorp.com\/wp-content\/uploads\/2022\/12\/pesticide_spraying_fao_-100x100.jpg 100w\" sizes=\"(max-width: 150px) 100vw, 150px\" \/>                                <\/a>\n                            <\/div>\n                                                        <div class=\"ht-category-content-5\">\n                                <h3><a href=\"https:\/\/eric.smartsolutioncorp.com\/index.php\/product-category\/produits-vegetaux\/\">Produits v\u00e9g\u00e9taux<\/a><\/h3>\n                            <\/div>\n                                                    <\/div>\n\n                    \n                <\/div>\n                <\/div>\t\t<\/div>\n\t\t\t\t<\/div>\n\t\t\t\t\t<\/div>\n\t\t<\/div>\n\t\t\t\t\t\t\t<\/div>\n\t\t<\/section>\n\t\t\t\t\t\t\t<\/div>\n\t\t","protected":false},"excerpt":{"rendered":"<p>Equipements \/ mat\u00e9riels Grillage \u00e9cologique Intrant, semence, pesticides Ol\u00e9agineux, fruits et l\u00e9gumes Produits agricoles Produits d&#039;\u00e9levages Produits maraichers Produits v\u00e9g\u00e9taux<\/p>\n","protected":false},"author":1,"featured_media":0,"parent":0,"menu_order":0,"comment_status":"closed","ping_status":"closed","template":"page-templates\/pages.php","meta":[],"_links":{"self":[{"href":"https:\/\/eric.smartsolutioncorp.com\/index.php\/wp-json\/wp\/v2\/pages\/1969"}],"collection":[{"href":"https:\/\/eric.smartsolutioncorp.com\/index.php\/wp-json\/wp\/v2\/pages"}],"about":[{"href":"https:\/\/eric.smartsolutioncorp.com\/index.php\/wp-json\/wp\/v2\/types\/page"}],"author":[{"embeddable":true,"href":"https:\/\/eric.smartsolutioncorp.com\/index.php\/wp-json\/wp\/v2\/users\/1"}],"replies":[{"embeddable":true,"href":"https:\/\/eric.smartsolutioncorp.com\/index.php\/wp-json\/wp\/v2\/comments?post=1969"}],"version-history":[{"count":17,"href":"https:\/\/eric.smartsolutioncorp.com\/index.php\/wp-json\/wp\/v2\/pages\/1969\/revisions"}],"predecessor-version":[{"id":2003,"href":"https:\/\/eric.smartsolutioncorp.com\/index.php\/wp-json\/wp\/v2\/pages\/1969\/revisions\/2003"}],"wp:attachment":[{"href":"https:\/\/eric.smartsolutioncorp.com\/index.php\/wp-json\/wp\/v2\/media?parent=1969"}],"curies":[{"name":"wp","href":"https:\/\/api.w.org\/{rel}","templated":true}]}}